{"id":1126,"date":"2015-11-19T14:14:59","date_gmt":"2015-11-19T13:14:59","guid":{"rendered":"http:\/\/iglesia-en-villar.es\/wordpress\/?page_id=1126"},"modified":"2015-12-04T11:14:41","modified_gmt":"2015-12-04T11:14:41","slug":"saluda-del-parroco-de-villar-del-arzobispo","status":"publish","type":"page","link":"https:\/\/iglesia-en-villar.es\/blog\/saluda-del-parroco-de-villar-del-arzobispo\/","title":{"rendered":"Saluda del Parroco de Villar del Arzobispo"},"content":{"rendered":"<p><a href=\"http:\/\/iglesia-en-villar.es\/blog\/wp-content\/uploads\/2015\/11\/santissimo1.png\"><img loading=\"lazy\" decoding=\"async\" class=\"style-svg alignleft\" src=\"http:\/\/iglesia-en-villar.es\/blog\/wp-content\/uploads\/2015\/11\/santissimo1-150x150.png\" alt=\"santissimo\" width=\"150\" height=\"150\" \/><\/a>Herman@s,<\/p>\n<p>Bienvenid@s al blog de nuestra Parroquia. Quiero darles las gracias por acceder a este espacio. Las Nuevas Tecnolog\u00edas nos permiten avanzar en el conocimiento de Dios y de nosotros mismos. Tenemos la posibilidad de actualizarnos no solamente en nuestra forma de comunicar sino tambi\u00e9n de acceder a nuevas informaciones sobre las actividades de nuestra Parroquia, del Evangelio y de las lecturas.<\/p>\n<p>Conoceremos todo de primera mano aqu\u00ed o usando tambi\u00e9n nuestra nueva App que se llama \u00abIglesia en Villar\u00bb. Aqu\u00ed abajo ten\u00e9is el icon. Adem\u00e1s pod\u00e9is descargar tambi\u00e9n nuestra nueva Chat que se llama \u00abIgTalk\u00bb. Pulsando sobre cada una pod\u00e9is instalar os la directamente en vuestro m\u00f3vil.<\/p>\n<p>El equipo t\u00e9cnico e yo hemos querido dar os informacciones m\u00e1s accesibles, una estructura sencilla y al mismo tiempo actual, din\u00e1mica y \u00fatil.<\/p>\n<p>Iglesia-en-Villar.es quiere ser la puerta de nuestra Iglesia, de nuestra Parroquia que ahora permanece abierta para todas las personas de buena voluntad. Buscamos dar una informaci\u00f3n m\u00e1s completa, m\u00e1s cercana a cada uno de vosotros con documentaci\u00f3n y tambi\u00e9n recursos audiovisuales.<\/p>\n<p>Nos gustar\u00eda tambi\u00e9n conocer la opini\u00f3n de los vecinos, de los filigrenses y de todos los navegantes que pasan por aqu\u00ed, en nuestra web. Necesitamos ideas, sugerencias, entusiasmo y colaboraci\u00f3n de cada uno de vosotros para que, entre todos, nuestra Parroquia sea comunicativa y testigo, cada vez m\u00e1s del mensaje de Cristo.<\/p>\n<p>Os bendigo a todos<\/p>\n<p>Vuestro Parroco<\/p>\n","protected":false},"excerpt":{"rendered":"<p>Herman@s, Bienvenid@s al blog de nuestra Parroquia. Quiero darles las gracias por acceder a este espacio. Las Nuevas Tecnolog\u00edas nos permiten avanzar en el conocimiento de Dios y de nosotros mismos. Tenemos la posibilidad de actualizarnos no solamente en nuestra forma de comunicar sino tambi\u00e9n de acceder a nuevas informaciones sobre las actividades de nuestra Parroquia, del Evangelio y de&#8230;<\/p>\n<p> <a class=\"continue-reading-link\" href=\"https:\/\/iglesia-en-villar.es\/blog\/saluda-del-parroco-de-villar-del-arzobispo\/\"><span>Leer m\u00e1s<\/span><i class=\"crycon-right-dir\"><\/i><\/a> <\/p>\n","protected":false},"author":1,"featured_media":0,"parent":0,"menu_order":0,"comment_status":"closed","ping_status":"closed","template":"","meta":{"inline_featured_image":false,"footnotes":""},"class_list":["post-1126","page","type-page","status-publish","hentry"],"better_featured_image":null,"_links":{"self":[{"href":"https:\/\/iglesia-en-villar.es\/blog\/wp-json\/wp\/v2\/pages\/1126","targetHints":{"allow":["GET"]}}],"collection":[{"href":"https:\/\/iglesia-en-villar.es\/blog\/wp-json\/wp\/v2\/pages"}],"about":[{"href":"https:\/\/iglesia-en-villar.es\/blog\/wp-json\/wp\/v2\/types\/page"}],"author":[{"embeddable":true,"href":"https:\/\/iglesia-en-villar.es\/blog\/wp-json\/wp\/v2\/users\/1"}],"replies":[{"embeddable":true,"href":"https:\/\/iglesia-en-villar.es\/blog\/wp-json\/wp\/v2\/comments?post=1126"}],"version-history":[{"count":1,"href":"https:\/\/iglesia-en-villar.es\/blog\/wp-json\/wp\/v2\/pages\/1126\/revisions"}],"predecessor-version":[{"id":1369,"href":"https:\/\/iglesia-en-villar.es\/blog\/wp-json\/wp\/v2\/pages\/1126\/revisions\/1369"}],"wp:attachment":[{"href":"https:\/\/iglesia-en-villar.es\/blog\/wp-json\/wp\/v2\/media?parent=1126"}],"curies":[{"name":"wp","href":"https:\/\/api.w.org\/{rel}","templated":true}]}}