{"id":1333,"date":"2015-12-04T05:18:06","date_gmt":"2015-12-04T05:18:06","guid":{"rendered":"http:\/\/iglesia-en-villar.es\/blog\/?page_id=1333"},"modified":"2020-02-21T16:21:40","modified_gmt":"2020-02-21T15:21:40","slug":"servicios-parroquiales","status":"publish","type":"page","link":"https:\/\/iglesia-en-villar.es\/blog\/servicios-parroquiales\/","title":{"rendered":"Servicios Parroquiales"},"content":{"rendered":"<p><strong>HORARIO DE APERTURA DE LA IGLESIA-.<\/strong><\/p>\n<p>De lunes a s\u00e1bado de 10:30h a 12h. Y media hora antes de cada celebraci\u00f3n.<\/p>\n<p><strong>HORARIO DE MISAS.-<\/strong><\/p>\n<p>De lunes a s\u00e1bado a las 8:30h Convento de HH. Carmelitas Descalzas<\/p>\n<p><a name=\"_GoBack\"><\/a> A las 19:00h en el Templo Parroquial (con rezo de V\u00edsperas)<\/p>\n<p>Domingos a las 9:00h Convento de HH. Carmelitas Descalzas<\/p>\n<p>A las 10:00h y 12:30 h en el Templo Parroquial<\/p>\n<p>En verano: de lunes a s\u00e1bado a las 20h y domingos s\u00f3lo a las 10h.<\/p>\n<p>HORARIO CONFESIONES.- Media hora antes de cada celebraci\u00f3n.<\/p>\n<p><strong>OTRAS CELEBRACIONES.-<\/strong><\/p>\n<p>Rezo de Laudes: De lunes a s\u00e1bado a las 10:30h<\/p>\n<p>Domingos a las 11h<\/p>\n<p><strong>EXPOSICI\u00d3N DEL SANT\u00cdSIMO<\/strong><\/p>\n<p>Todos los jueves (menos en verano) a las 19:30h<\/p>\n<p>Primer Jueves de mes Retiro Parroquial de 17:30h concluyendo con la Eucarist\u00eda a las 19:30h<\/p>\n<p>Viernes de 19:30 a 20h Oraci\u00f3n por los j\u00f3venes (Otras: Por los enfermos, por los misioneros, por los sacerdotes, por el medio ambiente,\u2026)<\/p>\n<p>Turnos de la ANE y ANFE.- \u00daltimos s\u00e1bados de mes despu\u00e9s de la Eucarist\u00eda.<\/p>\n<p>XL HORAS.- Jueves, Viernes, S\u00e1bado y Domingo de Corpus de 9h a 19h<\/p>\n<p><strong>HORARIO DE DESPACHO PARROQUIAL<\/strong>.- Martes y Jueves de 11h a 13h.<\/p>\n<p><strong>HORARIO C\u00c1RITAS PARROQUIA<\/strong>L.- Martes, Jueves y Viernes de 9:00h a 10:30h<\/p>\n","protected":false},"excerpt":{"rendered":"<p>HORARIO DE APERTURA DE LA IGLESIA-. De lunes a s\u00e1bado de 10:30h a 12h. Y media hora antes de cada celebraci\u00f3n. HORARIO DE MISAS.- De lunes a s\u00e1bado a las 8:30h Convento de HH. Carmelitas Descalzas A las 19:00h en el Templo Parroquial (con rezo de V\u00edsperas) Domingos a las 9:00h Convento de HH. Carmelitas Descalzas A las 10:00h y&#8230;<\/p>\n<p> <a class=\"continue-reading-link\" href=\"https:\/\/iglesia-en-villar.es\/blog\/servicios-parroquiales\/\"><span>Leer m\u00e1s<\/span><i class=\"crycon-right-dir\"><\/i><\/a> <\/p>\n","protected":false},"author":1,"featured_media":0,"parent":0,"menu_order":0,"comment_status":"closed","ping_status":"closed","template":"templates\/template-onecolumn-noheader.php","meta":{"inline_featured_image":false,"footnotes":""},"class_list":["post-1333","page","type-page","status-publish","hentry"],"better_featured_image":null,"_links":{"self":[{"href":"https:\/\/iglesia-en-villar.es\/blog\/wp-json\/wp\/v2\/pages\/1333","targetHints":{"allow":["GET"]}}],"collection":[{"href":"https:\/\/iglesia-en-villar.es\/blog\/wp-json\/wp\/v2\/pages"}],"about":[{"href":"https:\/\/iglesia-en-villar.es\/blog\/wp-json\/wp\/v2\/types\/page"}],"author":[{"embeddable":true,"href":"https:\/\/iglesia-en-villar.es\/blog\/wp-json\/wp\/v2\/users\/1"}],"replies":[{"embeddable":true,"href":"https:\/\/iglesia-en-villar.es\/blog\/wp-json\/wp\/v2\/comments?post=1333"}],"version-history":[{"count":5,"href":"https:\/\/iglesia-en-villar.es\/blog\/wp-json\/wp\/v2\/pages\/1333\/revisions"}],"predecessor-version":[{"id":7332,"href":"https:\/\/iglesia-en-villar.es\/blog\/wp-json\/wp\/v2\/pages\/1333\/revisions\/7332"}],"wp:attachment":[{"href":"https:\/\/iglesia-en-villar.es\/blog\/wp-json\/wp\/v2\/media?parent=1333"}],"curies":[{"name":"wp","href":"https:\/\/api.w.org\/{rel}","templated":true}]}}