{"id":1340,"date":"2015-12-04T05:25:49","date_gmt":"2015-12-04T05:25:49","guid":{"rendered":"http:\/\/iglesia-en-villar.es\/blog\/?page_id=1340"},"modified":"2020-02-21T12:39:11","modified_gmt":"2020-02-21T11:39:11","slug":"la-iglesia-arciprestal","status":"publish","type":"page","link":"https:\/\/iglesia-en-villar.es\/blog\/la-iglesia-arciprestal\/","title":{"rendered":"LA IGLESIA ARCIPRESTAL"},"content":{"rendered":"<p style=\"text-align: center;\"><em><strong>NUESTRA SE\u00d1ORA VIRGEN DE LA PAZ DE VILLAR DEL ARZOBISPO<\/strong><\/em><\/p>\n<p>La iglesia arciprestal de Villar del Arzobispo, pertenece a la di\u00f3cesis de Valencia, y est\u00e1 dedicada a la Sant\u00edsima Virgen, bajo la advocaci\u00f3n de Nuestra Se\u00f1ora de la Paz, celebr\u00e1ndose su fiesta el 24 de Enero.<br \/>\nSe levanta sobre la cumbre de un mont\u00edculo en que se desarrolla la poblaci\u00f3n, va de Este a Oeste, mirando su fachada al norte.<br \/>\nPrimitivamente este iglesia era g\u00f3tica, pero se reform\u00f3 con aditamentos barrocos y churriguerescos<br \/>\nEn sus or\u00edgenes, fue filial de la de Chulilla, desmembr\u00e1ndose de la matriz el d\u00eda 29 de Agosto de 1.575.<br \/>\nA pesar de las muchas investigaciones realizadas, nos ha sido imposible inquirir la fecha en que se levant\u00f3. Tendr\u00edamos seguramente dilucidado este punto si posey\u00e9semos los Libros de Visitas Pastorales anteriores al a\u00f1o 1.634, que es el m\u00e1s antiguo que se custodia en el archivo parroquial, pues es indudable que habr\u00edan de arrojarnos no poca luz. Ahora bien aunque no puede asegurarse cuando se construy\u00f3, es l\u00f3gico pensar que tal hecho ocurrir\u00eda despu\u00e9s de haber sido erigido nuestro templo en parroquia y posiblemente en el transcurso que abarca de 1.614 a 1.626, ya que en esas fechas fue cuando el rey Felipe III concedi\u00f3, dos empr\u00e9stitos uno de 1.500 libras y otro de 500 libras a esta iglesia.<br \/>\nEn los albores del sigo XVIII, se prolong\u00f3 su planta, a costa de dos casitas colindantes, habi\u00e9ndosele adicionado, a finales del siglo XIX y a expensas de algunos aposentos del contiguo palacio prelacial, la capilla de la comuni\u00f3n, verdadera joya arquitect\u00f3nica, de estilo neocl\u00e1sico.<br \/>\nSu robusto campanario de planta cuadrada y regular altura, alzase en la parte posterior de la fachada y consta de tres cuerpos. En su cornisa aparecen cuatro enigm\u00e1ticas g\u00e1rgolas, coron\u00e1ndolo art\u00edsticas almenas y la barroca espada\u00f1a del reloj construida en los umbrales del presente siglo XX.<br \/>\nDan paso al interior del templo, tres puertas, de las que dos est\u00e1n en la fachada, y una en la trasera, al pie de la torre, sobre la principal, exornada con clavos y herrajes del siglo XV, hay una hermosa portada de transici\u00f3n, entre el g\u00f3tico y renacimiento, figurando sobre ella, una hornacina de visos barrocos, con la escultura labrada en piedra de la Virgen de la Paz.<br \/>\nA la del mismo lado llamada \u00abde las procesiones\u00bb, le da mucho realce la bonita portada barroca, construida en 1.955, siendo la puerta trasera o \u00abde las campanas\u00bb, de igual tiempo y estilo que la principal o \u00abdel rinc\u00f3n\u00bb.<br \/>\nInteriormente tiene una superficie de 839 metros cuadrados, planta de cruz latina, y arquitectura de orden toscano. Se compone de amplia nave, con b\u00f3veda de medio ca\u00f1\u00f3n, elev\u00e1ndose en el crucero airosa la c\u00fapula ornamentada con vistosos frescos, que representan la Gloria, pintados por Salvador Gil, en 1.920.<\/p>\n<p><img loading=\"lazy\" decoding=\"async\" class=\"style-svg\" src=\"http:\/\/iglesia-en-villar.es\/blog\/wp-content\/uploads\/2015\/12\/cappella6-150x150.jpg\" alt=\"cappella6\" width=\"398\" height=\"398\" \/> <img loading=\"lazy\" decoding=\"async\" class=\"style-svg\" src=\"http:\/\/iglesia-en-villar.es\/blog\/wp-content\/uploads\/2015\/12\/cappella5-150x150.jpg\" alt=\"cappella5\" width=\"400\" height=\"400\" \/> <img loading=\"lazy\" decoding=\"async\" class=\"style-svg\" src=\"http:\/\/iglesia-en-villar.es\/blog\/wp-content\/uploads\/2015\/12\/cappella-150x150.jpg\" alt=\"cappella\" width=\"400\" height=\"400\" \/> <img loading=\"lazy\" decoding=\"async\" class=\"style-svg\" src=\"http:\/\/iglesia-en-villar.es\/blog\/wp-content\/uploads\/2015\/12\/cappella1-150x150.jpg\" alt=\"cappella1\" width=\"400\" height=\"400\" \/> <img loading=\"lazy\" decoding=\"async\" class=\"style-svg\" src=\"http:\/\/iglesia-en-villar.es\/blog\/wp-content\/uploads\/2015\/12\/cappella2-150x150.jpg\" alt=\"cappella2\" width=\"400\" height=\"400\" \/> <img loading=\"lazy\" decoding=\"async\" class=\"style-svg\" src=\"http:\/\/iglesia-en-villar.es\/blog\/wp-content\/uploads\/2015\/12\/cappella3-150x150.jpg\" alt=\"cappella3\" width=\"400\" height=\"400\" \/> <img loading=\"lazy\" decoding=\"async\" class=\"style-svg\" src=\"http:\/\/iglesia-en-villar.es\/blog\/wp-content\/uploads\/2015\/12\/cappella4-150x150.jpg\" alt=\"cappella4\" width=\"400\" height=\"400\" \/> <img loading=\"lazy\" decoding=\"async\" class=\"style-svg\" src=\"http:\/\/iglesia-en-villar.es\/blog\/wp-content\/uploads\/2015\/12\/cappella7-150x150.jpg\" alt=\"cappella7\" width=\"400\" height=\"400\" \/><\/p>\n<p>Su altar Mayor, de yeso y barroco estilo es obra del artista Tom\u00e1s Soler Comeche, ejecutada en 1.902, porque en la noche del 6 de noviembre de 1.901, se produce un incendio en el retablo del altar mayor (era de bello estilo salom\u00f3nico y se compon\u00eda de dos cuerpos en el inferior estaba el nicho de Nuestra Se\u00f1ora de la Paz, y en recuadro superior, un lienzo con la Crucifixi\u00f3n. En ambos lados del nicho hab\u00eda tres lienzos. En el derecho de abajo arriba la Anunciaci\u00f3n, La Venida del Esp\u00edritu Santo y San Vicente Ferrer En el izquierdo, tambi\u00e9n de abajo arriba: la Adoraci\u00f3n de los Reyes Magos, la Ascensi\u00f3n y San Vicente M\u00e1rtir. Sobre \/as basas extremas del cuerpo superior, las im\u00e1genes de Santo Tom\u00e1s de Villanueva y San Blas, Obispo, y, en los colaterales, dos relicarios, estilo renacimiento, con las reliquias del Padre Francisco Tom\u00e1s, trajo de los Santos Lugares) quedando en pocas horas convertido en cenizas. El fuego se inici\u00f3 al filo de la media noche, y a pesar de que el vecindario en masa acudi\u00f3 a extinguirlo, sus esfuerzos resultaron ineficaces. Tambi\u00e9n fue convertida en pavesa (cenizas) la venerada imagen de Nuestra Patrona, sufriendo bastantes desperfectos algunos Santos. El historiador Suc\u00edas nos da en el folio 252 del tomo correspondiente a Villar, de su historia de la provincia de Valencia, un extenso relato de este desastre. Dejemos, pues, correr la pluma copiando el texto de dicho autor. \u00abDe Villar del Arzobispo nos comunican los siguientes detalles relativos al incendio de la iglesia de aqu\u00e9l pueblo.<br \/>\nA las once de la noche, los serenos notaron que hab\u00eda fuego en la iglesia, y al momento comenzaron a llamar en todas las puertas dando la terrible noticia. Se congregaron en la plaza todos los villarenses y trataron de penetrar en la iglesia, lo que no pudieron conseguir por el espeso humo que por la puerta principal sal\u00eda. Un grupo de valientes subi\u00f3 al tejado del palacio del Sr. Arzobispo, y, abriendo brecha en aqu\u00e9l, pasaron a la iglesia y rompieron una ventana de la c\u00fapula para que por all\u00ed saliera el humo.<br \/>\nAl momento de romper la ventana de la c\u00fapula, no eran ya las llamas de un incendio las que por ellas se abr\u00edan paso, sino que verdaderamente parec\u00eda un volc\u00e1n cuyas llamas redujeron a pavesas las dem\u00e1s ventanas de la expresada c\u00fapula.<br \/>\nAtajaron otros el fuego por la ventana que da al camar\u00edn de la Virgen, y cuando el espesor del humo fue menor, se lanzaron todos hacia el altar mayor, que le fuego estaba consumiendo. Todo fue in\u00fatil sin embargo, pues se vio con profundo dolor que la imagen venerada de la Virgen de la Paz ca\u00eda hecha carb\u00f3n y completamente desfigurada sobre el Tabern\u00e1culo, en cuyo mont\u00f3n de escombros se hallaba sepultado y consumido por las llamas el hermoso Viril con la Sacrat\u00edsima e Inmaculada Hostia.<br \/>\nLa imagen de la Virgen se extrajo de entre las llamas, y fue trasladada a la casa abad\u00eda.<br \/>\nAdem\u00e1s de esta preciosa imagen, el fuego consumi\u00f3 el altar mayor, con dos hermosos relicarios, la cruz parroquial con candelabros, sacras e incensarios, todo de plata; otra cruz, candelabros y sacras de bronce, el \u00f3rgano en su totalidad destruido, un palio nuevo con la caja, la Vera Cruz y la imagen de San Vicente, adem\u00e1s de todas la im\u00e1genes, por cierto algunas de subido precio, han quedado completamente deterioradas, como San Jos\u00e9, la Virgen del Rosario, San Blas, Coraz\u00f3n de Jes\u00fas, el Nazareno, la Virgen del Carmen, Santa Teresa y el Beato Juan de Rivera. A todo lo cual hay que a\u00f1adir el estado lamentable en que ha quedado el templo.\u00bb<br \/>\nEl altar Mayor se compone de diez estriadas columnas con capiteles de orden compuesto, y fustes ornamentados, en su tercio inferior, con radiadas conchas, filites y cartelas, en las que aparecen dibujos incisos de temas marianos. Es notable por su exuberancia decorativa. (Lo embellec\u00edan las estatuas -destruidas durante la Guerra- de San Vicente Ferrer, San Roque, San Joaqu\u00edn, Santa Ana, Santo Tom\u00e1s de Villanueva, San Blas y dos \u00c1ngeles que estuvieron colocados en los entrepa\u00f1os y pedestales de sus cornisa). Consta de dos cuerpos; en el inferior, integrado por seis columnas, existe amplio nicho coronado por una altorrelieve con la paloma del Esp\u00edritu Santo y venerada imagen de la Virgen de la Paz, talla policroma de 1,60 metros de altura, revestida y engalanada con corona imperial y diadema, hall\u00e1ndose a ambos lados los lienzos -de relevante m\u00e9rito, originales de Manuel Diago- de San Vicente Ferrer y San Roque, que con Nuestra Se\u00f1ora de la Paz, comparten, e! patronazgo del municipio.<\/p>\n<p><img loading=\"lazy\" decoding=\"async\" class=\"style-svg\" src=\"http:\/\/iglesia-en-villar.es\/blog\/wp-content\/uploads\/2015\/12\/cappella8-150x150.jpg\" alt=\"cappella8\" width=\"403\" height=\"403\" \/><br \/>\nVistosa cornisa con dent\u00edculos separa este cuerpo del superior, en cuyo recuadro, flanqueado por pareadas columnas, hay un lienzo con la Coronaci\u00f3n de la Virgen, y como remate del altar, figura entre dos jarrones arquitect\u00f3nicos, un front\u00f3n partido en su centro , para dar paso a un bajorrelieve con el anagrama de Mar\u00eda.<\/p>\n<p><img loading=\"lazy\" decoding=\"async\" class=\"style-svg\" src=\"http:\/\/iglesia-en-villar.es\/blog\/wp-content\/uploads\/2015\/12\/cappella9-150x150.jpg\" alt=\"cappella9\" width=\"401\" height=\"401\" \/><br \/>\nAdornan el presbiterio, dos grandes medallones de gusto rococ\u00f3 con sendos \u00f3leos -del pintor \u00faltimamente citado-, los cuales ostentan: a Nuestra Se\u00f1ora entregando la casulla a San Ildefonso, el de la Ep\u00edstola, y la aparici\u00f3n de la Virgen a los \u00e1rabes, sobre la ciudad de Toledo, cuando \u00e9sta fue conquistada en 1.85, por el Rey Alfonso VI de Castilla, el del Evangelio. Realza tambi\u00e9n la ornamentaci\u00f3n del presbiterio un z\u00f3calo de policromados azulejos, procedentes del que hubo antes de restaurar la iglesia en 1.708.<br \/>\nContiguas al altar Mayor, est\u00e1n la sacrist\u00eda (en donde puede apreciarse un hermoso aguamanil de m\u00e1rmol) y la capilla vieja de la comuni\u00f3n, destinada actualmente a cuarto trastero. El camar\u00edn, de planta rectangular y peque\u00f1a c\u00fapula sin linterna ni arcos torales, recibe luz por una ventana que existe frente al nicho de la Patrona.<br \/>\nLos nombres de sus capillas laterales, a partir del altar mayor, y siguiendo por el lado de la ep\u00edstola, son los siguientes:<\/p>\n<p><img loading=\"lazy\" decoding=\"async\" class=\"style-svg\" src=\"http:\/\/iglesia-en-villar.es\/blog\/wp-content\/uploads\/2015\/12\/cappella10-150x150.jpg\" alt=\"cappella10\" width=\"400\" height=\"400\" \/><br \/>\nPatriarca San Jos\u00e9,<br \/>\nSan Roque<\/p>\n<p><img loading=\"lazy\" decoding=\"async\" class=\"style-svg\" src=\"http:\/\/iglesia-en-villar.es\/blog\/wp-content\/uploads\/2015\/12\/cappella11-150x150.jpg\" alt=\"cappella11\" width=\"400\" height=\"400\" \/><\/p>\n<p>Virgen del Carmen,<\/p>\n<p><img loading=\"lazy\" decoding=\"async\" class=\"style-svg\" src=\"http:\/\/iglesia-en-villar.es\/blog\/wp-content\/uploads\/2015\/12\/cappella12-150x150.jpg\" alt=\"cappella12\" width=\"400\" height=\"400\" \/><br \/>\nSant\u00edsimo Cristo<br \/>\ny San Miguel Arc\u00e1ngel y Santa Rita<br \/>\nEn el del evangelio y arrancando tambi\u00e9n del altar mayor, se encuentran las capillas<br \/>\nDel Sagrado Coraz\u00f3n de Jes\u00fas,<br \/>\nSan Antonio Abad,<br \/>\nSan Juan de Rivera ,<br \/>\nSan Vicente Ferrer,<br \/>\nSan Antonio de Padua<br \/>\ny San Blas.<br \/>\nSus bell\u00edsimos altares han sido construidos despu\u00e9s de la guerra. Antes de \u00e9sta estaban, excepto las del Patriarca San Jos\u00e9, (este altar con columnas salom\u00f3nicas, ten\u00eda en el nicho superior a San Jos\u00e9, en el de abajo al Sagrado Coraz\u00f3n de Jes\u00fas, en el lado derecho la imagen de San Francisco Javier y en izquierdo, la de San Juan Bautista. En el recuadro del remate figuraba un lienzo con San Calixto.), Sant\u00edsimo Cristo (que estaba formado por dos columnas, con capiteles de orden j\u00f3nico. En el nicho, tallada en madera la imagen del crucificado y a sus pies una diminuta iconograf\u00eda de la Virgen del Pilar. Sobre su front\u00f3n y en el centro de un nimbo, el anagrama de Jes\u00fas), y San Antonio Abad (Ten\u00eda dos cuerpos, flanqueados por columnas salom\u00f3nicas, ornamentados con p\u00e1mpanos y uvas. En el nicho inferior la imagen de San Antonio Abad, y en el de arriba la de Santa B\u00e1rbara, coron\u00e1ndolo una gran cruz.).<br \/>\nLa de San Roque estuvo dedicada a la Virgen del Rosario (En el nicho figuraba la imagen de la Virgen del Rosario y en los laterales dos lienzos con Santo Domingo de Guzm\u00e1n y Santa Catalina de Siena y arriba la crucifixi\u00f3n tambi\u00e9n al \u00f3leo).<br \/>\nLa de la Virgen del Carmen estuvo dedicada a las Almas de Purgatorio (era de orden salom\u00f3nico. En la parte central un gran lienzo representaba la ascensi\u00f3n de las Almas de Purgatorio a la Gloria; en el inferior una urna con una imagen de la Virgen del Carmen, de unos treinta cent\u00edmetros de altitud, y en la superior un peque\u00f1o nicho con la imagen de San Antonio de Padua); la de San Miguel Arc\u00e1ngel.<br \/>\nLa de San Juan de Ribera (Era altar privilegiado y ten\u00eda un s\u00f3lo nicho, figurando en \u00e9l la imagen del Beato Juan de Ribera. En la parte inferior y en una urna, Nuestra Se\u00f1ora de la Merced. Al altar lo coronaban un gran c\u00e1liz y una Sagrada Hostia).<br \/>\nLa del Sagrado Coraz\u00f3n de Jes\u00fas, a la Virgen de los Dolores (era de orden salom\u00f3nico. La Dolorosa, en el nicho central. Al pie de \u00e9ste y sobre la mesa del altar hab\u00eda otro de la Asunci\u00f3n y en el superior el descendimiento. En los colaterales del retablo la Milagrosa).<br \/>\nLa de San Vicente Ferrer, a San Antonio de Padua (hasta que se hizo la capilla de la comuni\u00f3n, estuvo el altar de Santa Mar\u00eda Magdalena, habiendo desaparecido \u00e9ste para abrir una de las dos puertas de acceso a la citada capilla. En 1.910 volvi\u00f3 a construirse otro, bajo la advocaci\u00f3n de San Antonio de Padua, cuya imagen figuraba en el centro. Arriba, San Pedro Ap\u00f3stol y abajo la Virgen del Perpetuo Socorro).<br \/>\nLa de San Antonio de Padua a Santa Teresa de Jes\u00fas (antiguamente estuvo bajo la advocaci\u00f3n de San Joaqu\u00edn y Santa Ana. Fue en 1.898 cuando se quit\u00f3 el lienzo de los padres de la Virgen Mar\u00eda para hacer un nicho, habi\u00e9ndose colocado en \u00e9l la imagen de Santa Teresa de Jes\u00fas. En la parte superior del retablo, figuraba Santa Luc\u00eda y en el inferior dentro de una urna el Ni\u00f1o Jes\u00fas).<br \/>\nLa de San Blas a San Miguel Arc\u00e1ngel (constaba de dos cuerpos. El inferior, flanqueado por dos columnas a cada lado, ten\u00eda en el centro la imagen de San Miguel. El de arriba representaba un front\u00f3n partido por medio para dar paso a un diminuto nicho en el que figuraba la imagen de San Diego de Alcal\u00e1); Los retablos de los antiguos altares tallados en madera ricamente dorada eran de relevante m\u00e9rito y las mesas de mamposter\u00eda, es de advertir que en la actual capilla de San Juan de Ribera, construida despu\u00e9s de la guerra, estuvo la puerta de entrada a la torre y sobre ella la tribuna del \u00f3rgano.<br \/>\nSobre los imitados de ventana de los lunetos est\u00e1n las magn\u00edficas pinturas de los doce ap\u00f3stoles, obra tambi\u00e9n de Manuel Diago.<\/p>\n<p><img loading=\"lazy\" decoding=\"async\" class=\"alignnone\" src=\"http:\/\/iglesia-en-villar.es\/blog\/wp-content\/uploads\/2015\/12\/cappella13-150x150.jpg\" alt=\"cappella13\" width=\"400\" height=\"400\" \/><br \/>\nUn gran \u00f3culo que da al patiecillo por donde corre la escalera de honor del palacio, alumbra sus pies, en los que se halla el baptisterio contempl\u00e1ndose un valioso retablo de azulejer\u00eda con el bautismo de Jes\u00fas.<br \/>\nLa pila bautismal, de m\u00e1rmol \u00abbiuxcarr\u00f3\u00bb, est\u00e1 cercada por una verja de hierro art\u00edsticamente labrada.<\/p>\n<p><img loading=\"lazy\" decoding=\"async\" class=\"style-svg\" src=\"http:\/\/iglesia-en-villar.es\/blog\/wp-content\/uploads\/2015\/12\/cappella14-150x150.jpg\" alt=\"cappella14\" width=\"400\" height=\"400\" \/><\/p>\n<p>El p\u00falpito se encuentra en la pilastra existente entre el brazo del crucero y la primera capilla lateral de la ep\u00edstola.<br \/>\nEl pavimentos de la nave es de grandes losas de piedra artificial, blancas y grises.<\/p>\n<p>LA CAPILLA DE LA COMUNI\u00d3N<br \/>\nEl pavimento de la capilla de la comuni\u00f3n de m\u00e1rmol negro de Alcublas.<br \/>\nComo la antigua capilla de la comuni\u00f3n, resultaba incapaz, se pens\u00f3 construir otra que supliese las deficiencias de aquella. Para ello tuvieron que tomar algunas estancias del palacio, coloc\u00e1ndose la primera piedra el Domingo de Ramos de 1.883, y bendici\u00e9ndose el 2 de mayo de 1.885. Aquella misma noche la Adoraci\u00f3n Nocturna Local, fundada a la saz\u00f3n con el n\u00b0 5 de la di\u00f3cesis y el veinte de Espa\u00f1a, celebr\u00f3 su primera y solemne Vigilia. Toda la capilla es de una grandiosidad extraordinaria, del m\u00e1s puro estilo neocl\u00e1sico, vener\u00e1ndose en el nicho del centro de su \u00fanico altar, la Pur\u00edsima Concepci\u00f3n, permaneciendo vac\u00edos los laterales, los que antes de 1.936 estaban dedicados a San Luis Gonzaga y San Francisco de As\u00eds. Sobre el Tabern\u00e1culo, existe un precioso templete de m\u00e1rmol en forma de mon\u00f3ptero con esbeltas columnas, donde se custodi\u00f3, hasta antes de la guerra, la Vera Cruz y al que se asciende por doble escalinata.<br \/>\nLa capilla de hizo con limosnas, f\u00e1brica de la Iglesia y prestaci\u00f3n personal.<\/p>\n","protected":false},"excerpt":{"rendered":"<p>NUESTRA SE\u00d1ORA VIRGEN DE LA PAZ DE VILLAR DEL ARZOBISPO La iglesia arciprestal de Villar del Arzobispo, pertenece a la di\u00f3cesis de Valencia, y est\u00e1 dedicada a la Sant\u00edsima Virgen, bajo la advocaci\u00f3n de Nuestra Se\u00f1ora de la Paz, celebr\u00e1ndose su fiesta el 24 de Enero. Se levanta sobre la cumbre de un mont\u00edculo en que se desarrolla la poblaci\u00f3n,&#8230;<\/p>\n<p> <a class=\"continue-reading-link\" href=\"https:\/\/iglesia-en-villar.es\/blog\/la-iglesia-arciprestal\/\"><span>Leer m\u00e1s<\/span><i class=\"crycon-right-dir\"><\/i><\/a> <\/p>\n","protected":false},"author":38,"featured_media":1547,"parent":0,"menu_order":0,"comment_status":"closed","ping_status":"closed","template":"","meta":{"inline_featured_image":false,"footnotes":""},"class_list":["post-1340","page","type-page","status-publish","has-post-thumbnail","hentry"],"better_featured_image":{"id":1547,"alt_text":"","caption":"","description":"","media_type":"image","media_details":{"width":1024,"height":768,"file":"2015\/12\/cappella6.jpg","sizes":{"custom":{"file":"cappella6-250x188.jpg","width":250,"height":188,"mime-type":"image\/jpeg","source_url":"https:\/\/iglesia-en-villar.es\/blog\/wp-content\/uploads\/2015\/12\/cappella6-250x188.jpg"},"thumbnail":{"file":"cappella6-150x150.jpg","width":150,"height":150,"mime-type":"image\/jpeg","source_url":"https:\/\/iglesia-en-villar.es\/blog\/wp-content\/uploads\/2015\/12\/cappella6-150x150.jpg"},"medium":{"file":"cappella6-300x225.jpg","width":300,"height":225,"mime-type":"image\/jpeg","source_url":"https:\/\/iglesia-en-villar.es\/blog\/wp-content\/uploads\/2015\/12\/cappella6-300x225.jpg"},"medium_large":{"file":"cappella6-768x576.jpg","width":768,"height":576,"mime-type":"image\/jpeg","source_url":"https:\/\/iglesia-en-villar.es\/blog\/wp-content\/uploads\/2015\/12\/cappella6-768x576.jpg"},"large":{"file":"cappella6-1024x768.jpg","width":1024,"height":768,"mime-type":"image\/jpeg","source_url":"https:\/\/iglesia-en-villar.es\/blog\/wp-content\/uploads\/2015\/12\/cappella6-1024x768.jpg"},"post-thumbnail":{"file":"cappella6-150x113.jpg","width":150,"height":113,"mime-type":"image\/jpeg","source_url":"https:\/\/iglesia-en-villar.es\/blog\/wp-content\/uploads\/2015\/12\/cappella6-150x113.jpg"},"header":{"file":"cappella6-1024x230.jpg","width":1024,"height":230,"mime-type":"image\/jpeg","source_url":"https:\/\/iglesia-en-villar.es\/blog\/wp-content\/uploads\/2015\/12\/cappella6-1024x230.jpg"},"slider":{"file":"cappella6-1024x580.jpg","width":1024,"height":580,"mime-type":"image\/jpeg","source_url":"https:\/\/iglesia-en-villar.es\/blog\/wp-content\/uploads\/2015\/12\/cappella6-1024x580.jpg"},"columns":{"file":"cappella6-330x300.jpg","width":330,"height":300,"mime-type":"image\/jpeg","source_url":"https:\/\/iglesia-en-villar.es\/blog\/wp-content\/uploads\/2015\/12\/cappella6-330x300.jpg"}},"image_meta":{"aperture":"3.6","credit":"","camera":"Canon PowerShot A300","caption":"","created_timestamp":"1115037739","copyright":"","focal_length":"5","iso":"0","shutter_speed":"0.125","title":"","orientation":"1","keywords":[]}},"post":1340,"source_url":"https:\/\/iglesia-en-villar.es\/blog\/wp-content\/uploads\/2015\/12\/cappella6.jpg"},"_links":{"self":[{"href":"https:\/\/iglesia-en-villar.es\/blog\/wp-json\/wp\/v2\/pages\/1340","targetHints":{"allow":["GET"]}}],"collection":[{"href":"https:\/\/iglesia-en-villar.es\/blog\/wp-json\/wp\/v2\/pages"}],"about":[{"href":"https:\/\/iglesia-en-villar.es\/blog\/wp-json\/wp\/v2\/types\/page"}],"author":[{"embeddable":true,"href":"https:\/\/iglesia-en-villar.es\/blog\/wp-json\/wp\/v2\/users\/38"}],"replies":[{"embeddable":true,"href":"https:\/\/iglesia-en-villar.es\/blog\/wp-json\/wp\/v2\/comments?post=1340"}],"version-history":[{"count":4,"href":"https:\/\/iglesia-en-villar.es\/blog\/wp-json\/wp\/v2\/pages\/1340\/revisions"}],"predecessor-version":[{"id":7318,"href":"https:\/\/iglesia-en-villar.es\/blog\/wp-json\/wp\/v2\/pages\/1340\/revisions\/7318"}],"wp:featuredmedia":[{"embeddable":true,"href":"https:\/\/iglesia-en-villar.es\/blog\/wp-json\/wp\/v2\/media\/1547"}],"wp:attachment":[{"href":"https:\/\/iglesia-en-villar.es\/blog\/wp-json\/wp\/v2\/media?parent=1340"}],"curies":[{"name":"wp","href":"https:\/\/api.w.org\/{rel}","templated":true}]}}