{"id":1440,"date":"2015-12-12T13:19:52","date_gmt":"2015-12-12T13:19:52","guid":{"rendered":"http:\/\/iglesia-en-villar.es\/blog\/?page_id=1440"},"modified":"2016-04-14T22:53:37","modified_gmt":"2016-04-14T21:53:37","slug":"app-iglesia-en-villar","status":"publish","type":"page","link":"https:\/\/iglesia-en-villar.es\/blog\/app-iglesia-en-villar\/","title":{"rendered":"App Iglesia en Villar"},"content":{"rendered":"<p>Estoy contento de prensentar nuestra App para m\u00f3viles Android.<\/p>\n<p>Se puede descargar gratuitamente desde el PlayStore de Google pulsando este bot\u00f3n:<\/p>\n<p><a href=\"https:\/\/play.google.com\/store\/apps\/details?id=eu.mrobot.villar\" target=\"_blank\"><img loading=\"lazy\" decoding=\"async\" class=\"style-svg aligncenter\" src=\"http:\/\/iglesia-en-villar.es\/blog\/wp-content\/uploads\/2015\/12\/botCorona512px-150x150.png\" alt=\"botCorona512px\" width=\"150\" height=\"150\" \/><\/a><\/p>\n<p>Para quien tenga instalado el c\u00f3digo QR, aqu\u00ed os lo dejo para instalar nuestra app:<\/p>\n<p>&nbsp;<\/p>\n<p><a href=\"http:\/\/iglesia-en-villar.es\/blog\/wp-content\/uploads\/2015\/12\/qrcode-e1449209311657.png\"><img loading=\"lazy\" decoding=\"async\" class=\"style-svg aligncenter\" src=\"http:\/\/iglesia-en-villar.es\/blog\/wp-content\/uploads\/2015\/12\/qrcode-150x150.png\" alt=\"qrcode\" width=\"268\" height=\"268\" \/><\/a><\/p>\n<p>&nbsp;<\/p>\n","protected":false},"excerpt":{"rendered":"<p>Estoy contento de prensentar nuestra App para m\u00f3viles Android. Se puede descargar gratuitamente desde el PlayStore de Google pulsando este bot\u00f3n: Para quien tenga instalado el c\u00f3digo QR, aqu\u00ed os lo dejo para instalar nuestra app: &nbsp; &nbsp;<\/p>\n<p> <a class=\"continue-reading-link\" href=\"https:\/\/iglesia-en-villar.es\/blog\/app-iglesia-en-villar\/\"><span>Leer m\u00e1s<\/span><i class=\"crycon-right-dir\"><\/i><\/a> <\/p>\n","protected":false},"author":38,"featured_media":0,"parent":0,"menu_order":0,"comment_status":"closed","ping_status":"closed","template":"templates\/template-onecolumn-noheader.php","meta":{"inline_featured_image":false,"footnotes":""},"class_list":["post-1440","page","type-page","status-publish","hentry"],"better_featured_image":null,"_links":{"self":[{"href":"https:\/\/iglesia-en-villar.es\/blog\/wp-json\/wp\/v2\/pages\/1440","targetHints":{"allow":["GET"]}}],"collection":[{"href":"https:\/\/iglesia-en-villar.es\/blog\/wp-json\/wp\/v2\/pages"}],"about":[{"href":"https:\/\/iglesia-en-villar.es\/blog\/wp-json\/wp\/v2\/types\/page"}],"author":[{"embeddable":true,"href":"https:\/\/iglesia-en-villar.es\/blog\/wp-json\/wp\/v2\/users\/38"}],"replies":[{"embeddable":true,"href":"https:\/\/iglesia-en-villar.es\/blog\/wp-json\/wp\/v2\/comments?post=1440"}],"version-history":[{"count":5,"href":"https:\/\/iglesia-en-villar.es\/blog\/wp-json\/wp\/v2\/pages\/1440\/revisions"}],"predecessor-version":[{"id":2383,"href":"https:\/\/iglesia-en-villar.es\/blog\/wp-json\/wp\/v2\/pages\/1440\/revisions\/2383"}],"wp:attachment":[{"href":"https:\/\/iglesia-en-villar.es\/blog\/wp-json\/wp\/v2\/media?parent=1440"}],"curies":[{"name":"wp","href":"https:\/\/api.w.org\/{rel}","templated":true}]}}