{"id":1707,"date":"2015-12-19T20:12:14","date_gmt":"2015-12-19T20:12:14","guid":{"rendered":"http:\/\/iglesia-en-villar.es\/blog\/?page_id=1707"},"modified":"2015-12-19T20:12:38","modified_gmt":"2015-12-19T20:12:38","slug":"comarcal-de-jesus","status":"publish","type":"page","link":"https:\/\/iglesia-en-villar.es\/blog\/comarcal-de-jesus\/","title":{"rendered":"Comarcal de Jes\u00fas"},"content":{"rendered":"<p class=\"western\" align=\"right\"><a name=\"_GoBack\"><\/a> <b>Grupos de Acci\u00f3n Evangelizadora<\/b><\/p>\n<p class=\"western\" align=\"justify\"><i>Lo componen los grupos Ein-Karen \/ Magdala \/ Samar\u00eda \/Cafarna\u00fan \/ Betsaida \/ Jeric\u00f3 \/ Tiber\u00edades \/ Betania<\/i><\/p>\n<p class=\"western\" align=\"justify\">\u00bfEn qu\u00e9 consiste?.- Son grupos nacidos del IDE en los que se pretende madurar la fe entendida como compromiso personal con Cristo, que desemboca en una actualizaci\u00f3n y compromiso cristiano en medio de nuestro mundo. Buscamos hacer suscitar la fe o hacerla crecer a partir de la propia vida a la luz del Evangelio, para llegar as\u00ed a un encuentro con Jesucristo que lleve a un sentimiento de pertenencia la Iglesia que se concreta en nuestra Vida en Comunidad, en la Parroquia.<\/p>\n<p class=\"western\" align=\"justify\">\u00bfQu\u00e9 hacen?.- Estos grupos tienen como principal objetivo el promover acciones que lleven a la evangelizaci\u00f3n de los distintos sectores de nuestro pueblo. Ellos deben procurar que las puertas de la Parroquia est\u00e9n siempre abiertas hacia fuera, hacia los alejados, para que todos se sientan invitados a participar de la vida de la Iglesia.<\/p>\n<p class=\"western\" align=\"justify\">Estos grupos organizan acciones como charlas, exposiciones, montaje del Bel\u00e9n, colaboran con la semana de la mujer trabajadora, teatros, etc\u2026<\/p>\n<p class=\"western\" align=\"justify\">Y sobre todo buscan manifestar que la Fe es necesaria vivirla en Comunidad, en el seno de la Iglesia instituida por Cristo `para llevar su amor y su Verdad a todas las gentes<\/p>\n","protected":false},"excerpt":{"rendered":"<p>Grupos de Acci\u00f3n Evangelizadora Lo componen los grupos Ein-Karen \/ Magdala \/ Samar\u00eda \/Cafarna\u00fan \/ Betsaida \/ Jeric\u00f3 \/ Tiber\u00edades \/ Betania \u00bfEn qu\u00e9 consiste?.- Son grupos nacidos del IDE en los que se pretende madurar la fe entendida como compromiso personal con Cristo, que desemboca en una actualizaci\u00f3n y compromiso cristiano en medio de nuestro mundo. Buscamos hacer suscitar&#8230;<\/p>\n<p> <a class=\"continue-reading-link\" href=\"https:\/\/iglesia-en-villar.es\/blog\/comarcal-de-jesus\/\"><span>Leer m\u00e1s<\/span><i class=\"crycon-right-dir\"><\/i><\/a> <\/p>\n","protected":false},"author":1,"featured_media":0,"parent":0,"menu_order":0,"comment_status":"closed","ping_status":"closed","template":"templates\/template-onecolumn-noheader.php","meta":{"inline_featured_image":false,"footnotes":""},"class_list":["post-1707","page","type-page","status-publish","hentry"],"better_featured_image":null,"_links":{"self":[{"href":"https:\/\/iglesia-en-villar.es\/blog\/wp-json\/wp\/v2\/pages\/1707","targetHints":{"allow":["GET"]}}],"collection":[{"href":"https:\/\/iglesia-en-villar.es\/blog\/wp-json\/wp\/v2\/pages"}],"about":[{"href":"https:\/\/iglesia-en-villar.es\/blog\/wp-json\/wp\/v2\/types\/page"}],"author":[{"embeddable":true,"href":"https:\/\/iglesia-en-villar.es\/blog\/wp-json\/wp\/v2\/users\/1"}],"replies":[{"embeddable":true,"href":"https:\/\/iglesia-en-villar.es\/blog\/wp-json\/wp\/v2\/comments?post=1707"}],"version-history":[{"count":1,"href":"https:\/\/iglesia-en-villar.es\/blog\/wp-json\/wp\/v2\/pages\/1707\/revisions"}],"predecessor-version":[{"id":1708,"href":"https:\/\/iglesia-en-villar.es\/blog\/wp-json\/wp\/v2\/pages\/1707\/revisions\/1708"}],"wp:attachment":[{"href":"https:\/\/iglesia-en-villar.es\/blog\/wp-json\/wp\/v2\/media?parent=1707"}],"curies":[{"name":"wp","href":"https:\/\/api.w.org\/{rel}","templated":true}]}}