{"id":1711,"date":"2015-12-19T20:14:16","date_gmt":"2015-12-19T20:14:16","guid":{"rendered":"http:\/\/iglesia-en-villar.es\/blog\/?page_id=1711"},"modified":"2015-12-19T20:14:30","modified_gmt":"2015-12-19T20:14:30","slug":"1711-2","status":"publish","type":"page","link":"https:\/\/iglesia-en-villar.es\/blog\/1711-2\/","title":{"rendered":"Pastoral Familiar"},"content":{"rendered":"<p>La Pastoral Familiar es la acci\u00f3n de la Iglesia Cat\u00f3lica para ayudar a la familia a cumplir con su misi\u00f3n de llegar a ser una peque\u00f1a comunidad de vida y amor, superando problemas y situaciones de diversa \u00edndole.<\/p>\n<p>La Pastoral Familiar de nuestra Parroquia se encuentra en fase de consolidaci\u00f3n en las que se buscan nuevos cauces para acompa\u00f1ar a las familias y para que otros puedan encontrar su lugar en la Parroquia.<\/p>\n<p>Actualmente consta de:<\/p>\n<p><strong>Catequesis Bautismales.-<\/strong> La Parroquia ofrece a los padres que solicitan el Bautismo para sus hijos unas catequesis preparatorias en torno al sacramento y al don de la Fe.<\/p>\n<p>Durante el curso se realizan tres cursillos, aproximadamente en Febrero, en Junio y en Octubre.<\/p>\n<p>Cada Cursillo consta de dos sesiones de hora y media la noche del viernes y s\u00e1bado.<\/p>\n<p>Los temas se dividen en cuatro:<\/p>\n<p>El don de la Fe<\/p>\n<p>El compromiso cristiano<\/p>\n<p>La Iglesia<\/p>\n<p>El Sacramento<\/p>\n<p>No pretenden ser simplemente charlas, sino un espacio de di\u00e1logo entre la familia y la Parroquia representada por un grupo de miembros activos y el P\u00e1rroco.<\/p>\n<p>Adem\u00e1s el Grupo de Bautismos acompa\u00f1an a las familias en el d\u00eda del Sacramento preparando todo lo necesario y acogiendo a la familia.<\/p>\n<p><strong>GRUPOS DE MATRIMONIOS.<\/strong>&#8211; Existen cinco grupos que comparten esta \u00e1rea parroquial. Uno de ellos est\u00e1 formado por cinco parejas de novios\/reci\u00e9n casados.<\/p>\n<p>Otro de ellos forma parte del movimiento Equipos de Nuestra Se\u00f1ora (ENS) Los Equipos de Nuestra Se\u00f1ora se definen como Movimiento de espiritualidad conyugal y ayuda mutua, en la vida diaria de las parejas.<\/p>\n<p>Deseamos que estos grupos sean germen de otros nuevos grupos en los que se comparta la vida y la fe en el contexto del matrimonio y la familia.<\/p>\n<p>Las acciones que actualmente realizan estos grupos son:<\/p>\n<p><strong>Fiesta de la Luz o de la Candelaria.<\/strong> En esta fiesta se invita a las familias de los bautizados en el \u00faltimo a\u00f1o. En esa celebraci\u00f3n se bendicen los ni\u00f1os y se les pasa por el manto de la Virgen.<\/p>\n<p><strong>Fiesta de la Sagrada Familia:<\/strong> se invita a todos los matrimonios cristianos que celebran en ese a\u00f1os sus bodas de Plata (25 a\u00f1os), de Oro (50 a\u00f1os) y de Diamante (60 a\u00f1os). A los que asisten a la celebraci\u00f3n de ese d\u00eda se les invita a renovar su fidelidad ante Dios y se les entrega un pergamino con una Bendici\u00f3n especial de la comunidad Parroquial.<\/p>\n<p><strong>Teatro Navide\u00f1o.<\/strong>&#8211; Un grupo de esta \u00e1rea pastoral prepara anualmente un Teatro Navide\u00f1o con mensaje cristiano.<\/p>\n<p><strong>Fiesta del Ni\u00f1o Jes\u00fas de Praga (de la Bola)<\/strong>: en ese d\u00eda se invita a todos los ni\u00f1os incluidos los que han tomado la Comuni\u00f3n ese a\u00f1o a hacer una peque\u00f1a procesi\u00f3n con un anda que portan ellos mismos, a continuaci\u00f3n se realiza una peque\u00f1a ofrenda de flores y se celebra la Eucarist\u00eda en la que se bendicen a los ni\u00f1os. A continuaci\u00f3n se invita a las familias a comer todos juntos en los Locales Parroquiales.<\/p>\n","protected":false},"excerpt":{"rendered":"<p>La Pastoral Familiar es la acci\u00f3n de la Iglesia Cat\u00f3lica para ayudar a la familia a cumplir con su misi\u00f3n de llegar a ser una peque\u00f1a comunidad de vida y amor, superando problemas y situaciones de diversa \u00edndole. La Pastoral Familiar de nuestra Parroquia se encuentra en fase de consolidaci\u00f3n en las que se buscan nuevos cauces para acompa\u00f1ar a&#8230;<\/p>\n<p> <a class=\"continue-reading-link\" href=\"https:\/\/iglesia-en-villar.es\/blog\/1711-2\/\"><span>Leer m\u00e1s<\/span><i class=\"crycon-right-dir\"><\/i><\/a> <\/p>\n","protected":false},"author":1,"featured_media":0,"parent":0,"menu_order":0,"comment_status":"closed","ping_status":"closed","template":"templates\/template-onecolumn-noheader.php","meta":{"inline_featured_image":false,"footnotes":""},"class_list":["post-1711","page","type-page","status-publish","hentry"],"better_featured_image":null,"_links":{"self":[{"href":"https:\/\/iglesia-en-villar.es\/blog\/wp-json\/wp\/v2\/pages\/1711","targetHints":{"allow":["GET"]}}],"collection":[{"href":"https:\/\/iglesia-en-villar.es\/blog\/wp-json\/wp\/v2\/pages"}],"about":[{"href":"https:\/\/iglesia-en-villar.es\/blog\/wp-json\/wp\/v2\/types\/page"}],"author":[{"embeddable":true,"href":"https:\/\/iglesia-en-villar.es\/blog\/wp-json\/wp\/v2\/users\/1"}],"replies":[{"embeddable":true,"href":"https:\/\/iglesia-en-villar.es\/blog\/wp-json\/wp\/v2\/comments?post=1711"}],"version-history":[{"count":2,"href":"https:\/\/iglesia-en-villar.es\/blog\/wp-json\/wp\/v2\/pages\/1711\/revisions"}],"predecessor-version":[{"id":1713,"href":"https:\/\/iglesia-en-villar.es\/blog\/wp-json\/wp\/v2\/pages\/1711\/revisions\/1713"}],"wp:attachment":[{"href":"https:\/\/iglesia-en-villar.es\/blog\/wp-json\/wp\/v2\/media?parent=1711"}],"curies":[{"name":"wp","href":"https:\/\/api.w.org\/{rel}","templated":true}]}}