{"id":1716,"date":"2015-12-19T20:17:09","date_gmt":"2015-12-19T20:17:09","guid":{"rendered":"http:\/\/iglesia-en-villar.es\/blog\/?page_id=1716"},"modified":"2015-12-19T20:17:09","modified_gmt":"2015-12-19T20:17:09","slug":"grupo-parroquial-de-misiones","status":"publish","type":"page","link":"https:\/\/iglesia-en-villar.es\/blog\/grupo-parroquial-de-misiones\/","title":{"rendered":"Grupo Parroquial de Misiones"},"content":{"rendered":"<p><ins datetime=\"2015-12-19T20:16:08+00:00\"><\/p>\n<p align=\"right\"><span style=\"font-family: Times New Roman,serif;\"><span style=\"font-size: medium;\"><span style=\"font-family: Berlin Sans FB Demi,serif;\"><span style=\"font-size: x-large;\">\u00bfQu\u00e9 es?<\/span><\/span><\/span><\/span><\/p>\n<p align=\"justify\"><span style=\"font-family: Trebuchet MS,serif;\"><span style=\"font-size: medium;\">Es el \u201cmotorcito\u201d misionero que anima a la Comunidad. En efecto, en la parroquia, \u201cdonde la Iglesia se hace visible y operante entre los hombres\u201d (LPNE 43), se promueve la comuni\u00f3n, participaci\u00f3n y misi\u00f3n de cada fiel cristiano y de cada comunidad para que haga el correspondiente aporte a la evangelizaci\u00f3n. Para ello, es necesario unos animadores de esta comuni\u00f3n misionera, que trabajen en distintos organismos, movimientos y asociaciones parroquiales, cuyos delegados son miembros del Consejo de Pastoral, presidido por el P\u00e1rroco (NMA 71). As\u00ed se organiza la pastoral de conjunto parroquial, dentro de la cual tiene un puesto prioritario la pastoral misionera (RMi 83), mediante la cual se hacen misioneros para Jes\u00fas y se coopera a la evangelizaci\u00f3n del mundo entero.<\/span><\/span><\/p>\n<p align=\"right\"><span style=\"font-family: Times New Roman,serif;\"><span style=\"font-size: medium;\"><span style=\"font-family: Berlin Sans FB Demi,serif;\"><span style=\"font-size: x-large;\">\u00bfPara qu\u00e9? <\/span><\/span><\/span><\/span><\/p>\n<p align=\"justify\"><span style=\"font-family: Trebuchet MS,serif;\"><span style=\"font-size: medium;\">Este equipo se constituye para animar, coordinar y servir a la pastoral misionera en los cristianos, sus comunidades y que la misma Parroquia sean misioneros.<\/span><\/span><\/p>\n<p align=\"justify\"><span style=\"font-family: Trebuchet MS,serif;\"><span style=\"font-size: medium;\">A este grupo le corresponde por tanto, promover y animar los cuatro servicios de la Pastora Misionera: la animaci\u00f3n, formaci\u00f3n, organizaci\u00f3n y cooperaci\u00f3n misioneras en la parroquia.<\/span><\/span><\/p>\n<p align=\"justify\"><span style=\"font-family: Trebuchet MS,serif;\"><span style=\"font-size: medium;\">Por otra parte, le corresponde apoyar a los animadores misioneros, las comunidades eclesiales, los grupos y las vocaciones misioneras.<\/span><\/span><\/p>\n<p align=\"right\"><span style=\"font-family: Times New Roman,serif;\"><span style=\"font-size: medium;\"><span style=\"font-family: Berlin Sans FB Demi,serif;\"><span style=\"font-size: x-large;\">Sus servicios generales<\/span><\/span><\/span><\/span><\/p>\n<p align=\"justify\"><span style=\"font-family: Trebuchet MS,serif;\"><span style=\"font-size: medium;\">Le corresponde hacer la animaci\u00f3n misionera general de las personas, comunidades e instituciones para sensibilizarlas y crear conciencia misionera en la parroquia.<\/span><\/span><\/p>\n<p align=\"justify\"><span style=\"font-family: Trebuchet MS,serif;\"><span style=\"font-size: medium;\">Promueve y anima la formaci\u00f3n misionera en la parroquia.<\/span><\/span><\/p>\n<p align=\"justify\"><span style=\"font-family: Trebuchet MS,serif;\"><span style=\"font-size: medium;\">Promueve las Campa\u00f1as del Domund y tambi\u00e9n a la de Manos Unidas.<\/span><\/span><\/p>\n<p align=\"justify\"><span style=\"font-family: Trebuchet MS,serif;\"><span style=\"font-size: medium;\">Mantiene una comunicaci\u00f3n con los correspondientes organismos diocesanos, en especial con la Comisi\u00f3n Diocesana de Misiones y anima la comuni\u00f3n con la Iglesia Universal. Participa como miembro permanente del Consejo de Pastoral Parroquial.<\/span><\/span><\/p>\n<p align=\"right\"><span style=\"font-family: Times New Roman,serif;\"><span style=\"font-size: medium;\"><span style=\"font-family: Berlin Sans FB Demi,serif;\"><span style=\"font-size: x-large;\">Medios<\/span><\/span><\/span><\/span><\/p>\n<ul>\n<li>\n<p align=\"justify\"><span style=\"font-family: Trebuchet MS,serif;\"><span style=\"font-size: medium;\">Elabora la programaci\u00f3n anual de actividades misioneras, integr\u00e1ndolas adecuadamente en la pastoral del conjunto parroquial. En esta programaci\u00f3n misionera parroquial se incluyen:<\/span><\/span><\/p>\n<\/li>\n<\/ul>\n<ul>\n<li>\n<p align=\"justify\"><span style=\"font-family: Trebuchet MS,serif;\"><span style=\"font-size: medium;\">Las campa\u00f1as de cooperaci\u00f3n misionera<\/span><\/span><\/p>\n<\/li>\n<\/ul>\n<ul>\n<li>\n<p align=\"justify\"><span style=\"font-family: Trebuchet MS,serif;\"><span style=\"font-size: medium;\">Las actividades de planeaci\u00f3n, integraci\u00f3n y evaluaci\u00f3n<\/span><\/span><\/p>\n<\/li>\n<\/ul>\n<ul>\n<li>\n<p align=\"justify\"><span style=\"font-family: Trebuchet MS,serif;\"><span style=\"font-size: medium;\">Orar por las misiones del mundo entero<\/span><\/span><\/p>\n<\/li>\n<\/ul>\n<ul>\n<li>\n<p align=\"justify\"><span style=\"font-family: Trebuchet MS,serif;\"><span style=\"font-size: medium;\">Integrarse fraternalmente, formarse misionalmente, colaborar con la programaci\u00f3n y evaluaci\u00f3n de la pastoral parroquial<\/span><\/span><\/p>\n<\/li>\n<\/ul>\n<ul>\n<li>\n<p align=\"justify\"><span style=\"font-family: Trebuchet MS,serif;\"><span style=\"font-size: medium;\">Preparar y realizar las actividades misioneras de car\u00e1cter extraordinario seg\u00fan la necesidad.<\/span><\/span><\/p>\n<\/li>\n<\/ul>\n<ul>\n<li>\n<p align=\"justify\"><span style=\"font-family: Trebuchet MS,serif;\"><span style=\"font-size: medium;\">En las reuniones del Consejo de Pastoral, informa sobre las actividades del Grupo de Misiones y sobre el desarrollo de la pastoral misionera parroquial. Es un \u00e1mbito de encuentro fraterno ofreciendo elementos misioneros para las diversas \u00e1reas pastorales. <\/span><\/span><\/p>\n<\/li>\n<\/ul>\n<ul>\n<li>\n<p align=\"justify\"><span style=\"font-family: Trebuchet MS,serif;\"><span style=\"font-size: medium;\">Ayuda a reflexionar sobre la misi\u00f3n universal de la parroquia frente<br \/>\na las necesidades misioneras del mundo y a la llamada insistente de la Iglesia.<\/span><\/span><\/p>\n<\/li>\n<\/ul>\n<ul>\n<li>\n<p align=\"justify\"><span style=\"font-family: Trebuchet MS,serif;\"><span style=\"font-size: medium;\">Hace la correspondiente coordinaci\u00f3n de sus actividades con los dem\u00e1s agentes y sectores de pastoral.<\/span><\/span><\/p>\n<\/li>\n<\/ul>\n<p align=\"right\"><span style=\"font-family: Times New Roman,serif;\"><span style=\"font-size: medium;\"><span style=\"font-family: Berlin Sans FB Demi,serif;\"><span style=\"font-size: x-large;\">HOJAS MISIONERAS<\/span><\/span><\/span><\/span><\/p>\n<p align=\"justify\"><span style=\"font-family: Trebuchet MS,serif;\"><span style=\"font-size: medium;\">Son unas Hojas que editan la Delegaci\u00f3n de Misiones del Arzobispado de Valencia. En nuestro pueblo se reparten 142 hojas cada 2 meses.<\/span><\/span><\/p>\n<p align=\"justify\"><a name=\"_GoBack\"><\/a><span style=\"font-family: Trebuchet MS,serif;\"><span style=\"font-size: medium;\">Existen 11 personas que distribuyen por toda la poblaci\u00f3n un total de 142 hojas, la cuota anual es de 7\u20ac.<\/span><\/span><\/p>\n","protected":false},"excerpt":{"rendered":"<p>\u00bfQu\u00e9 es? Es el \u201cmotorcito\u201d misionero que anima a la Comunidad. En efecto, en la parroquia, \u201cdonde la Iglesia se hace visible y operante entre los hombres\u201d (LPNE 43), se promueve la comuni\u00f3n, participaci\u00f3n y misi\u00f3n de cada fiel cristiano y de cada comunidad para que haga el correspondiente aporte a la evangelizaci\u00f3n. Para ello, es necesario unos animadores de&#8230;<\/p>\n<p> <a class=\"continue-reading-link\" href=\"https:\/\/iglesia-en-villar.es\/blog\/grupo-parroquial-de-misiones\/\"><span>Leer m\u00e1s<\/span><i class=\"crycon-right-dir\"><\/i><\/a> <\/p>\n","protected":false},"author":1,"featured_media":0,"parent":0,"menu_order":0,"comment_status":"closed","ping_status":"closed","template":"templates\/template-onecolumn-noheader.php","meta":{"inline_featured_image":false,"footnotes":""},"class_list":["post-1716","page","type-page","status-publish","hentry"],"better_featured_image":null,"_links":{"self":[{"href":"https:\/\/iglesia-en-villar.es\/blog\/wp-json\/wp\/v2\/pages\/1716","targetHints":{"allow":["GET"]}}],"collection":[{"href":"https:\/\/iglesia-en-villar.es\/blog\/wp-json\/wp\/v2\/pages"}],"about":[{"href":"https:\/\/iglesia-en-villar.es\/blog\/wp-json\/wp\/v2\/types\/page"}],"author":[{"embeddable":true,"href":"https:\/\/iglesia-en-villar.es\/blog\/wp-json\/wp\/v2\/users\/1"}],"replies":[{"embeddable":true,"href":"https:\/\/iglesia-en-villar.es\/blog\/wp-json\/wp\/v2\/comments?post=1716"}],"version-history":[{"count":2,"href":"https:\/\/iglesia-en-villar.es\/blog\/wp-json\/wp\/v2\/pages\/1716\/revisions"}],"predecessor-version":[{"id":7375,"href":"https:\/\/iglesia-en-villar.es\/blog\/wp-json\/wp\/v2\/pages\/1716\/revisions\/7375"}],"wp:attachment":[{"href":"https:\/\/iglesia-en-villar.es\/blog\/wp-json\/wp\/v2\/media?parent=1716"}],"curies":[{"name":"wp","href":"https:\/\/api.w.org\/{rel}","templated":true}]}}